{"id":10,"date":"2021-10-06T22:18:14","date_gmt":"2021-10-06T22:18:14","guid":{"rendered":"http:\/\/localhost\/ferplace\/?page_id=10"},"modified":"2021-11-25T22:47:44","modified_gmt":"2021-11-25T22:47:44","slug":"diseno-3d","status":"publish","type":"page","link":"https:\/\/fersite.net\/index.php\/diseno-3d\/","title":{"rendered":"Dise\u00f1o 3D"},"content":{"rendered":"\n<p>Esta secci\u00f3n aloja mis proyectos de &#8220;dise\u00f1o 3D&#8221;, trabajados en Blender, ya que es el programa que uso por el tema de las licencias. No tengo muchos dise\u00f1os 3D, as\u00ed que tambi\u00e9n aqu\u00ed se encontraran algunos tutoriales de Blender con el paso del tiempo, pero habr\u00e1 que tomar en cuenta que puede que tarde en a\u00f1adir cosas a esta secci\u00f3n, ya que el dise\u00f1o 3D es algo tardado.<\/p>\n","protected":false},"excerpt":{"rendered":"<p>Esta secci\u00f3n aloja mis proyectos de &#8220;dise\u00f1o 3D&#8221;, trabajados en Blender, ya que es el programa que uso por el tema de las licencias. No tengo muchos dise\u00f1os 3D, as\u00ed que tambi\u00e9n aqu\u00ed se encontraran algunos tutoriales de Blender con el paso del tiempo, pero habr\u00e1 que tomar en cuenta que puede que tarde en [&hellip;]<\/p>\n","protected":false},"author":1,"featured_media":50,"parent":0,"menu_order":0,"comment_status":"closed","ping_status":"closed","template":"","meta":{"footnotes":""},"_links":{"self":[{"href":"https:\/\/fersite.net\/index.php\/wp-json\/wp\/v2\/pages\/10"}],"collection":[{"href":"https:\/\/fersite.net\/index.php\/wp-json\/wp\/v2\/pages"}],"about":[{"href":"https:\/\/fersite.net\/index.php\/wp-json\/wp\/v2\/types\/page"}],"author":[{"embeddable":true,"href":"https:\/\/fersite.net\/index.php\/wp-json\/wp\/v2\/users\/1"}],"replies":[{"embeddable":true,"href":"https:\/\/fersite.net\/index.php\/wp-json\/wp\/v2\/comments?post=10"}],"version-history":[{"count":2,"href":"https:\/\/fersite.net\/index.php\/wp-json\/wp\/v2\/pages\/10\/revisions"}],"predecessor-version":[{"id":60,"href":"https:\/\/fersite.net\/index.php\/wp-json\/wp\/v2\/pages\/10\/revisions\/60"}],"wp:featuredmedia":[{"embeddable":true,"href":"https:\/\/fersite.net\/index.php\/wp-json\/wp\/v2\/media\/50"}],"wp:attachment":[{"href":"https:\/\/fersite.net\/index.php\/wp-json\/wp\/v2\/media?parent=10"}],"curies":[{"name":"wp","href":"https:\/\/api.w.org\/{rel}","templated":true}]}}